{"id":21,"date":"2018-09-09T21:29:02","date_gmt":"2018-09-09T18:29:02","guid":{"rendered":"http:\/\/whm18.louhi.net\/~nortool\/de\/?page_id=21"},"modified":"2018-11-20T15:33:24","modified_gmt":"2018-11-20T13:33:24","slug":"unternehmen","status":"publish","type":"page","link":"https:\/\/www.nortool.fi\/de\/unternehmen\/","title":{"rendered":"Unternehmen"},"content":{"rendered":"<p><img loading=\"lazy\" decoding=\"async\" class=\"alignright size-full wp-image-16\" src=\"http:\/\/www.nortool.fi\/de\/wp-content\/uploads\/sites\/6\/2018\/09\/Muottipinta.jpeg\" alt=\"\" width=\"200\" height=\"150\" \/><\/p>\n<p>Die Nortool Oy hat sich auf die Planung und Fertigung von Alu-Formen und den damit verbundenen Produktionslinien f\u00fcr den Bedarf der Auto- und W\u00e4rmed\u00e4mmungsindustrie spezialisiert. Wir sind eines der gr\u00f6ssten Unternehmen der einschl\u00e4gigen Branche in Skandinavien und in Finnland Branchenf\u00fchrer. Unser hochqualifiziertes Personal sowie moderne Planungsverfahren und Bearbeitungsmaschinen erm\u00f6glichen zusammen weitgehend massgeschneiderte Lieferungen an unsere Kunden in ganz Europa. Heute erwirtschaftet der Export ca. 50-60 % unseres Umsatzes.<\/p>\n<p>Wir haben uns auf einen Anbieter f\u00fcr Zulieferanten der Autoindustrie, f\u00fcr die K\u00fchlschrank- und Kaltger\u00e4teindustrie sowie die Sparte Warmwasserspeicher spezialisiert. Mit Hilfe unseres Fachteams von 20 Mitarbeitern liefern wir unseren Kunden auf ihre Bed\u00fcrfnisse zugeschnittene L\u00f6sungen, die den letzten technischen Stand repr\u00e4sentieren.<\/p>\n<p>Daneben haben wir die Vertretung von Cannon-Produkten in den nordischen und baltischen L\u00e4ndern \u00fcbernommen. Die enge Zusammenarbeit mit einem Spitzenunternehmen der Branche erm\u00f6glicht uns ein tiefergehendes und umfassenderes Management von Sch\u00e4umungs- und Anschlussprozessen als vielen unserer Konkurrenten.<\/p>\n<p>Das von uns \u00fcbernommene Qualit\u00e4tspr\u00fcfungssystem nach der Norm ISO 9001 gemeinsam mit unserem motivierten Fachpersonal gew\u00e4hrleisten Lieferungen auf stets hohem Qualit\u00e4tsniveau. Unsere kontinuierlichen Investitionen in die Entwicklung von Arbeitsverfahren und der Einsatz neuester Planungsinstrumente bedeuten wettbewerbsf\u00e4hige und \u2019just-in-time\u2019 \u2013Lieferungen, die auch heutige Anforderungen an die Umweltvertr\u00e4glichkeit erf\u00fcllen.<\/p>\n<h2>Herkunft<\/h2>\n<p>Seinen heutigen Namen tr\u00e4gt das 1985 gegr\u00fcndete Unternehmen seit 2002, zuvor war der Firmenname Suomen Tectrade Oy. Die Wurzeln des Unternehmens gehen auf die 1950er Jahre zur\u00fcck, als Turun Sarjatuote Ky, nach wie vor als Fertigungsbetrieb bestehend, gegr\u00fcndet wurde. Erfahrung zahlt sich aus, denn zu unseren Kunden z\u00e4hlen die Spitzenreiter ihrer Branche.<\/p>\n<p><img loading=\"lazy\" decoding=\"async\" class=\"alignleft size-full wp-image-7\" src=\"http:\/\/www.nortool.fi\/de\/wp-content\/uploads\/sites\/6\/2018\/09\/Historia.jpeg\" alt=\"\" width=\"700\" height=\"98\" srcset=\"https:\/\/www.nortool.fi\/de\/wp-content\/uploads\/sites\/6\/2018\/09\/Historia.jpeg 700w, https:\/\/www.nortool.fi\/de\/wp-content\/uploads\/sites\/6\/2018\/09\/Historia-300x42.jpeg 300w\" sizes=\"auto, (max-width: 700px) 100vw, 700px\" \/><\/p>\n","protected":false},"excerpt":{"rendered":"<p>Die Nortool Oy hat sich auf die Planung und Fertigung von Alu-Formen und den damit verbundenen Produktionslinien f\u00fcr den Bedarf der Auto- und W\u00e4rmed\u00e4mmungsindustrie spezialisiert. Wir sind eines der gr\u00f6ssten Unternehmen der einschl\u00e4gigen Branche in Skandinavien und in Finnland Branchenf\u00fchrer. Unser hochqualifiziertes Personal sowie moderne Planungsverfahren und Bearbeitungsmaschinen erm\u00f6glichen zusammen weitgehend massgeschneiderte Lieferungen an unsere [&hellip;]<\/p>\n","protected":false},"author":1,"featured_media":14,"parent":0,"menu_order":30,"comment_status":"closed","ping_status":"closed","template":"","meta":{"footnotes":""},"class_list":["post-21","page","type-page","status-publish","has-post-thumbnail","czr-hentry"],"_links":{"self":[{"href":"https:\/\/www.nortool.fi\/de\/wp-json\/wp\/v2\/pages\/21","targetHints":{"allow":["GET"]}}],"collection":[{"href":"https:\/\/www.nortool.fi\/de\/wp-json\/wp\/v2\/pages"}],"about":[{"href":"https:\/\/www.nortool.fi\/de\/wp-json\/wp\/v2\/types\/page"}],"author":[{"embeddable":true,"href":"https:\/\/www.nortool.fi\/de\/wp-json\/wp\/v2\/users\/1"}],"replies":[{"embeddable":true,"href":"https:\/\/www.nortool.fi\/de\/wp-json\/wp\/v2\/comments?post=21"}],"version-history":[{"count":5,"href":"https:\/\/www.nortool.fi\/de\/wp-json\/wp\/v2\/pages\/21\/revisions"}],"predecessor-version":[{"id":82,"href":"https:\/\/www.nortool.fi\/de\/wp-json\/wp\/v2\/pages\/21\/revisions\/82"}],"wp:featuredmedia":[{"embeddable":true,"href":"https:\/\/www.nortool.fi\/de\/wp-json\/wp\/v2\/media\/14"}],"wp:attachment":[{"href":"https:\/\/www.nortool.fi\/de\/wp-json\/wp\/v2\/media?parent=21"}],"curies":[{"name":"wp","href":"https:\/\/api.w.org\/{rel}","templated":true}]}}