{"id":28,"date":"2018-09-09T21:38:57","date_gmt":"2018-09-09T18:38:57","guid":{"rendered":"http:\/\/whm18.louhi.net\/~nortool\/de\/?page_id=28"},"modified":"2018-11-20T15:33:58","modified_gmt":"2018-11-20T13:33:58","slug":"losungen","status":"publish","type":"page","link":"https:\/\/www.nortool.fi\/de\/losungen\/","title":{"rendered":"L\u00f6sungen"},"content":{"rendered":"<p><img loading=\"lazy\" decoding=\"async\" src=\"http:\/\/www.nortool.fi\/de\/wp-content\/uploads\/sites\/6\/2018\/09\/Tuotteet.jpeg\" alt=\"\" width=\"202\" height=\"380\" class=\"alignright size-full wp-image-13\" srcset=\"https:\/\/www.nortool.fi\/de\/wp-content\/uploads\/sites\/6\/2018\/09\/Tuotteet.jpeg 202w, https:\/\/www.nortool.fi\/de\/wp-content\/uploads\/sites\/6\/2018\/09\/Tuotteet-159x300.jpeg 159w\" sizes=\"auto, (max-width: 202px) 100vw, 202px\" \/><\/p>\n<p>Wir haben uns auf die Fertigung verschiedener Alu-Formen und mit diesen verbundenen Produktionslinien spezialisiert. Unsere Produktpalette umfasst im Kern drei Produktfamilien. Diese sind<br \/>\n1) verschiedene L\u00f6sungen f\u00fcr die Autoindustrie wie Formen f\u00fcr ger\u00e4uschisolierende Teppiche und Innenpaneele,<\/p>\n<p>2) W\u00e4rmed\u00e4mmungsl\u00f6sungen f\u00fcr die K\u00fchlschrank- und Kaltger\u00e4teindustrie sowie den Bereich Warmwasserspeicher.<\/p>\n<p>3) verschiedene L\u00f6sungen der von uns vertretenen Klienten Cannon und Manni, von der Polyuretan-Dosierungsmaschine bis zu grossen Sch\u00e4umpressen.<\/p>\n<p>Die enge Zusammenarbeit mit unseren Kunden in der Planungs- und Ausf\u00fchrungsphase erm\u00f6glicht weitgehend massgeschneiderte Lieferungen, ob es sich nun um technisch anspruchsvolle Formen oder voll automatisierte Produktionslinien handelt.<\/p>\n","protected":false},"excerpt":{"rendered":"<p>Wir haben uns auf die Fertigung verschiedener Alu-Formen und mit diesen verbundenen Produktionslinien spezialisiert. Unsere Produktpalette umfasst im Kern drei Produktfamilien. Diese sind 1) verschiedene L\u00f6sungen f\u00fcr die Autoindustrie wie Formen f\u00fcr ger\u00e4uschisolierende Teppiche und Innenpaneele, 2) W\u00e4rmed\u00e4mmungsl\u00f6sungen f\u00fcr die K\u00fchlschrank- und Kaltger\u00e4teindustrie sowie den Bereich Warmwasserspeicher. 3) verschiedene L\u00f6sungen der von uns vertretenen Klienten [&hellip;]<\/p>\n","protected":false},"author":1,"featured_media":0,"parent":0,"menu_order":40,"comment_status":"closed","ping_status":"closed","template":"","meta":{"footnotes":""},"class_list":["post-28","page","type-page","status-publish","czr-hentry"],"_links":{"self":[{"href":"https:\/\/www.nortool.fi\/de\/wp-json\/wp\/v2\/pages\/28","targetHints":{"allow":["GET"]}}],"collection":[{"href":"https:\/\/www.nortool.fi\/de\/wp-json\/wp\/v2\/pages"}],"about":[{"href":"https:\/\/www.nortool.fi\/de\/wp-json\/wp\/v2\/types\/page"}],"author":[{"embeddable":true,"href":"https:\/\/www.nortool.fi\/de\/wp-json\/wp\/v2\/users\/1"}],"replies":[{"embeddable":true,"href":"https:\/\/www.nortool.fi\/de\/wp-json\/wp\/v2\/comments?post=28"}],"version-history":[{"count":3,"href":"https:\/\/www.nortool.fi\/de\/wp-json\/wp\/v2\/pages\/28\/revisions"}],"predecessor-version":[{"id":83,"href":"https:\/\/www.nortool.fi\/de\/wp-json\/wp\/v2\/pages\/28\/revisions\/83"}],"wp:attachment":[{"href":"https:\/\/www.nortool.fi\/de\/wp-json\/wp\/v2\/media?parent=28"}],"curies":[{"name":"wp","href":"https:\/\/api.w.org\/{rel}","templated":true}]}}