{"id":30,"date":"2018-09-09T21:39:57","date_gmt":"2018-09-09T18:39:57","guid":{"rendered":"http:\/\/whm18.louhi.net\/~nortool\/de\/?page_id=30"},"modified":"2018-11-16T21:22:03","modified_gmt":"2018-11-16T19:22:03","slug":"service","status":"publish","type":"page","link":"https:\/\/www.nortool.fi\/de\/service\/","title":{"rendered":"Service"},"content":{"rendered":"<p>Als Full-Service-Haus bieten wir f\u00fcr die von uns gelieferten Produkte auch eine l\u00fcckenlose technische Unterst\u00fctzung an. Unser Kundendienst ist f\u00fcr alle mit den Produkten verbundenen Fragen und Probleme zust\u00e4ndig. Sie erhalten von uns s\u00e4mtliche ben\u00f6tigten Ersatzteile, wir warten auch die Maschinen und bieten unsere Hilfe an, falls ihre Maschinen oder ihre Formen eine Aktualisierung verlangen.<\/p>\n<p>Bei der Bestellung von Ersatzteilen bitten wir Sie, vor der Kontaktaufnahme die gew\u00fcnschten Daten einzutragen. Diese Praxis vermindert die Interpretierbarkeit von Daten und beschleunigt die Lieferzeiten.<\/p>\n<p>Maschinendaten:<br \/>\n&#8211; Maschinentyp<br \/>\n&#8211; Maschinennummer<br \/>\n&#8211; Maschinenteil<\/p>\n<p>Daten zu den Teilen:<br \/>\n&#8211; Zeichnungsnummer<br \/>\n&#8211; Positionsnummer<br \/>\n&#8211; Titel des Teils<br \/>\n&#8211; Ben\u00f6tigte Anzahl<\/p>\n<p>Verkauf und Service:<br \/>\nAnn-Mari Hal\u00e9n<br \/>\nTel: +358-44-74 36 823<\/p>\n","protected":false},"excerpt":{"rendered":"<p>Als Full-Service-Haus bieten wir f\u00fcr die von uns gelieferten Produkte auch eine l\u00fcckenlose technische Unterst\u00fctzung an. Unser Kundendienst ist f\u00fcr alle mit den Produkten verbundenen Fragen und Probleme zust\u00e4ndig. Sie erhalten von uns s\u00e4mtliche ben\u00f6tigten Ersatzteile, wir warten auch die Maschinen und bieten unsere Hilfe an, falls ihre Maschinen oder ihre Formen eine Aktualisierung verlangen. [&hellip;]<\/p>\n","protected":false},"author":1,"featured_media":0,"parent":0,"menu_order":60,"comment_status":"closed","ping_status":"closed","template":"","meta":{"footnotes":""},"class_list":["post-30","page","type-page","status-publish","czr-hentry"],"_links":{"self":[{"href":"https:\/\/www.nortool.fi\/de\/wp-json\/wp\/v2\/pages\/30","targetHints":{"allow":["GET"]}}],"collection":[{"href":"https:\/\/www.nortool.fi\/de\/wp-json\/wp\/v2\/pages"}],"about":[{"href":"https:\/\/www.nortool.fi\/de\/wp-json\/wp\/v2\/types\/page"}],"author":[{"embeddable":true,"href":"https:\/\/www.nortool.fi\/de\/wp-json\/wp\/v2\/users\/1"}],"replies":[{"embeddable":true,"href":"https:\/\/www.nortool.fi\/de\/wp-json\/wp\/v2\/comments?post=30"}],"version-history":[{"count":3,"href":"https:\/\/www.nortool.fi\/de\/wp-json\/wp\/v2\/pages\/30\/revisions"}],"predecessor-version":[{"id":80,"href":"https:\/\/www.nortool.fi\/de\/wp-json\/wp\/v2\/pages\/30\/revisions\/80"}],"wp:attachment":[{"href":"https:\/\/www.nortool.fi\/de\/wp-json\/wp\/v2\/media?parent=30"}],"curies":[{"name":"wp","href":"https:\/\/api.w.org\/{rel}","templated":true}]}}