{"id":45,"date":"2018-09-09T21:58:41","date_gmt":"2018-09-09T18:58:41","guid":{"rendered":"http:\/\/whm18.louhi.net\/~nortool\/de\/?page_id=45"},"modified":"2018-11-20T15:34:18","modified_gmt":"2018-11-20T13:34:18","slug":"alu-formen","status":"publish","type":"page","link":"https:\/\/www.nortool.fi\/de\/alu-formen\/","title":{"rendered":"Alu-Formen"},"content":{"rendered":"<p><img loading=\"lazy\" decoding=\"async\" src=\"http:\/\/www.nortool.fi\/de\/wp-content\/uploads\/sites\/6\/2018\/09\/Alumiinimuotit.jpg\" alt=\"\" width=\"450\" height=\"315\" class=\"alignright size-full wp-image-9\" srcset=\"https:\/\/www.nortool.fi\/de\/wp-content\/uploads\/sites\/6\/2018\/09\/Alumiinimuotit.jpg 450w, https:\/\/www.nortool.fi\/de\/wp-content\/uploads\/sites\/6\/2018\/09\/Alumiinimuotit-300x210.jpg 300w\" sizes=\"auto, (max-width: 450px) 100vw, 450px\" \/><\/p>\n<p>Unsere Formen sind auf die Verwendung bei der PUR Sch\u00e4umung, der Vakuum- und Thermoverformung sowie beim Reaktionsspritzguss (RIM) ausgelegt.<\/p>\n<p>Nortool ist Skandinaviens bedeutendster Hersteller von Alu-Formen f\u00fcr die Zulieferer der Autoindustrie in den nordischen L\u00e4ndern. Wir liefern hochwertige und massgenaue Alu-Formen f\u00fcr die Fertigung von Gummiteppichen, ger\u00e4uschisolierenden Teppichen, formgepressten Einrichtungsteppichen, Instrumentenpaneelen und Sitzkissen f\u00fcr Autos.<\/p>\n<p>Unsere Alu-Formen werden typischerweise bei der Fertigung verschiedener ger\u00e4uschisolierender Teppiche f\u00fcr Liefer-, Last- und Gel\u00e4ndewagen verwendet. Die hervorragende Eignung eines Teppichs f\u00fcr die Fahrerkabine eines Wagens ist von entscheidender Bedeutung, wenn hochgradige Ger\u00e4uschisolierf\u00e4higkeit angestrebt wird. Nortool hat sich auf die Planung und Fertigung von grossen Alu-Formen spezialisiert, mit unseren Formen gefertigte Teppiche erf\u00fcllen garantiert alle einschl\u00e4gigen Anforderungen. <\/p>\n","protected":false},"excerpt":{"rendered":"<p>Unsere Formen sind auf die Verwendung bei der PUR Sch\u00e4umung, der Vakuum- und Thermoverformung sowie beim Reaktionsspritzguss (RIM) ausgelegt. Nortool ist Skandinaviens bedeutendster Hersteller von Alu-Formen f\u00fcr die Zulieferer der Autoindustrie in den nordischen L\u00e4ndern. Wir liefern hochwertige und massgenaue Alu-Formen f\u00fcr die Fertigung von Gummiteppichen, ger\u00e4uschisolierenden Teppichen, formgepressten Einrichtungsteppichen, Instrumentenpaneelen und Sitzkissen f\u00fcr Autos. [&hellip;]<\/p>\n","protected":false},"author":1,"featured_media":15,"parent":0,"menu_order":44,"comment_status":"closed","ping_status":"closed","template":"","meta":{"footnotes":""},"class_list":["post-45","page","type-page","status-publish","has-post-thumbnail","czr-hentry"],"_links":{"self":[{"href":"https:\/\/www.nortool.fi\/de\/wp-json\/wp\/v2\/pages\/45","targetHints":{"allow":["GET"]}}],"collection":[{"href":"https:\/\/www.nortool.fi\/de\/wp-json\/wp\/v2\/pages"}],"about":[{"href":"https:\/\/www.nortool.fi\/de\/wp-json\/wp\/v2\/types\/page"}],"author":[{"embeddable":true,"href":"https:\/\/www.nortool.fi\/de\/wp-json\/wp\/v2\/users\/1"}],"replies":[{"embeddable":true,"href":"https:\/\/www.nortool.fi\/de\/wp-json\/wp\/v2\/comments?post=45"}],"version-history":[{"count":2,"href":"https:\/\/www.nortool.fi\/de\/wp-json\/wp\/v2\/pages\/45\/revisions"}],"predecessor-version":[{"id":84,"href":"https:\/\/www.nortool.fi\/de\/wp-json\/wp\/v2\/pages\/45\/revisions\/84"}],"wp:featuredmedia":[{"embeddable":true,"href":"https:\/\/www.nortool.fi\/de\/wp-json\/wp\/v2\/media\/15"}],"wp:attachment":[{"href":"https:\/\/www.nortool.fi\/de\/wp-json\/wp\/v2\/media?parent=45"}],"curies":[{"name":"wp","href":"https:\/\/api.w.org\/{rel}","templated":true}]}}