{"id":50,"date":"2018-09-09T22:04:38","date_gmt":"2018-09-09T19:04:38","guid":{"rendered":"http:\/\/whm18.louhi.net\/~nortool\/de\/?page_id=50"},"modified":"2018-09-09T22:08:49","modified_gmt":"2018-09-09T19:08:49","slug":"produktionslinien","status":"publish","type":"page","link":"https:\/\/www.nortool.fi\/de\/produktionslinien\/","title":{"rendered":"Produktionslinien"},"content":{"rendered":"<p>Nortool Oy hat sich insbesondere auf die Planung, Fertigung und Projektierung nach dem sog. \u201dSchl\u00fcsselfertig\u201d-Prinzip von Thermoverformungs- und Polyuretansch\u00e4umformen verschiedener K\u00fchlschr\u00e4nke, Tiefk\u00fchlschr\u00e4nke, Kalttische sowie kompletter Produktionslinien spezialisiert.<\/p>\n","protected":false},"excerpt":{"rendered":"<p>Nortool Oy hat sich insbesondere auf die Planung, Fertigung und Projektierung nach dem sog. \u201dSchl\u00fcsselfertig\u201d-Prinzip von Thermoverformungs- und Polyuretansch\u00e4umformen verschiedener K\u00fchlschr\u00e4nke, Tiefk\u00fchlschr\u00e4nke, Kalttische sowie kompletter Produktionslinien spezialisiert.<\/p>\n","protected":false},"author":1,"featured_media":12,"parent":0,"menu_order":46,"comment_status":"closed","ping_status":"closed","template":"","meta":{"footnotes":""},"class_list":["post-50","page","type-page","status-publish","has-post-thumbnail","czr-hentry"],"_links":{"self":[{"href":"https:\/\/www.nortool.fi\/de\/wp-json\/wp\/v2\/pages\/50","targetHints":{"allow":["GET"]}}],"collection":[{"href":"https:\/\/www.nortool.fi\/de\/wp-json\/wp\/v2\/pages"}],"about":[{"href":"https:\/\/www.nortool.fi\/de\/wp-json\/wp\/v2\/types\/page"}],"author":[{"embeddable":true,"href":"https:\/\/www.nortool.fi\/de\/wp-json\/wp\/v2\/users\/1"}],"replies":[{"embeddable":true,"href":"https:\/\/www.nortool.fi\/de\/wp-json\/wp\/v2\/comments?post=50"}],"version-history":[{"count":1,"href":"https:\/\/www.nortool.fi\/de\/wp-json\/wp\/v2\/pages\/50\/revisions"}],"predecessor-version":[{"id":52,"href":"https:\/\/www.nortool.fi\/de\/wp-json\/wp\/v2\/pages\/50\/revisions\/52"}],"wp:featuredmedia":[{"embeddable":true,"href":"https:\/\/www.nortool.fi\/de\/wp-json\/wp\/v2\/media\/12"}],"wp:attachment":[{"href":"https:\/\/www.nortool.fi\/de\/wp-json\/wp\/v2\/media?parent=50"}],"curies":[{"name":"wp","href":"https:\/\/api.w.org\/{rel}","templated":true}]}}