{"id":59,"date":"2018-09-09T22:14:53","date_gmt":"2018-09-09T19:14:53","guid":{"rendered":"http:\/\/whm18.louhi.net\/~nortool\/de\/?page_id=59"},"modified":"2018-09-14T20:19:07","modified_gmt":"2018-09-14T17:19:07","slug":"qualitat","status":"publish","type":"page","link":"https:\/\/www.nortool.fi\/de\/qualitat\/","title":{"rendered":"Qualit\u00e4t"},"content":{"rendered":"<p><img loading=\"lazy\" decoding=\"async\" src=\"http:\/\/www.nortool.fi\/de\/wp-content\/uploads\/sites\/6\/2018\/09\/ISO_9001_COL-1.jpg\" alt=\"\" width=\"253\" height=\"243\" class=\"alignright size-full wp-image-68\" \/>Unser Qualit\u00e4tsmanagementsystem ist nach die Anforderungen der Norm ISO9001:2015 zertifiziert.<br \/>\nEs umfasst alle Teilbereiche des Unternehmens und steht auf den S\u00e4ulen:<br \/>\n&#8211; Kundenorientierung<br \/>\n&#8211; St\u00e4ndige Entwicklung<br \/>\n&#8211; motiviertes und qualilifiziertes Personal<br \/>\n&#8211; F\u00fchrungsmanagement<br \/>\n&#8211; Kooperationspartner<\/p>\n<p>Unsere Qualit\u00e4tspolitik:<\/p>\n<p>\u201dWir entwickeln, fertigen und vermarkten fehlerfreie und wettbewerbsf\u00e4hige Produkte und Dienstleistungen rentabel sowie liefern diese just-in-time und entsprechend den Anforderungen und Erwartungen unserer Kunden.<\/p>\n<p>Die Grundlagen der Produktion von Qualit\u00e4t sind qualifizierte und spezifisch geschulte Mitarbeiter und moderne Technologie. Qualit\u00e4t wird in jeder Phase der Funktionskette auf eine Weise ber\u00fccksichigt, die aus der jeweilig folgenden Phase einen potentiellen Kunden macht. Jeder Mitarbeiter und jede Mitarbeiterin weiss und versteht, was der Kunde erwartet. Jedes Mitglied des Personals ist verantwortlich f\u00fcr die Qualit\u00e4t des Ergebnisses seiner T\u00e4tigkeit und f\u00fcr die koninuierliche Enwicklung dieser Qualit\u00e4t. Die Qualit\u00e4tsentwicklung steht unter der Leitung einer besonderen Arbeitsgruppe.<\/p>\n<p>Qualit\u00e4t heisst im besten Fall: zur rechten Zeit in einem Durchlauf fertigstellen. Das Erreichen dieses Ziels setzt voraus, dass jeder Mitarbeiter den Anforderungen gerecht wird. Ver\u00e4nderte Anforderungen werden prompt ber\u00fccksichtigt. Festgestellte Qualit\u00e4tsfehler und -m\u00e4ngel werden unverz\u00fcglich behoben. Grunds\u00e4tzlich darf der Kunde niemals ein fehlerhaftes Produkt zu Gesicht bekommen.\u201d<\/p>\n","protected":false},"excerpt":{"rendered":"<p>Unser Qualit\u00e4tsmanagementsystem ist nach die Anforderungen der Norm ISO9001:2015 zertifiziert. Es umfasst alle Teilbereiche des Unternehmens und steht auf den S\u00e4ulen: &#8211; Kundenorientierung &#8211; St\u00e4ndige Entwicklung &#8211; motiviertes und qualilifiziertes Personal &#8211; F\u00fchrungsmanagement &#8211; Kooperationspartner Unsere Qualit\u00e4tspolitik: \u201dWir entwickeln, fertigen und vermarkten fehlerfreie und wettbewerbsf\u00e4hige Produkte und Dienstleistungen rentabel sowie liefern diese just-in-time und entsprechend [&hellip;]<\/p>\n","protected":false},"author":1,"featured_media":0,"parent":0,"menu_order":35,"comment_status":"closed","ping_status":"closed","template":"","meta":{"footnotes":""},"class_list":["post-59","page","type-page","status-publish","czr-hentry"],"_links":{"self":[{"href":"https:\/\/www.nortool.fi\/de\/wp-json\/wp\/v2\/pages\/59","targetHints":{"allow":["GET"]}}],"collection":[{"href":"https:\/\/www.nortool.fi\/de\/wp-json\/wp\/v2\/pages"}],"about":[{"href":"https:\/\/www.nortool.fi\/de\/wp-json\/wp\/v2\/types\/page"}],"author":[{"embeddable":true,"href":"https:\/\/www.nortool.fi\/de\/wp-json\/wp\/v2\/users\/1"}],"replies":[{"embeddable":true,"href":"https:\/\/www.nortool.fi\/de\/wp-json\/wp\/v2\/comments?post=59"}],"version-history":[{"count":4,"href":"https:\/\/www.nortool.fi\/de\/wp-json\/wp\/v2\/pages\/59\/revisions"}],"predecessor-version":[{"id":74,"href":"https:\/\/www.nortool.fi\/de\/wp-json\/wp\/v2\/pages\/59\/revisions\/74"}],"wp:attachment":[{"href":"https:\/\/www.nortool.fi\/de\/wp-json\/wp\/v2\/media?parent=59"}],"curies":[{"name":"wp","href":"https:\/\/api.w.org\/{rel}","templated":true}]}}